{"id":51034,"date":"2018-07-19T15:29:58","date_gmt":"2018-07-19T15:29:58","guid":{"rendered":"http:\/\/www.apr3.es\/es\/?page_id=51034"},"modified":"2022-08-03T10:04:37","modified_gmt":"2022-08-03T10:04:37","slug":"politica-privacidad","status":"publish","type":"page","link":"https:\/\/www.apr3.es\/es\/politica-privacidad\/","title":{"rendered":"Pol\u00edtica privacidad"},"content":{"rendered":"<p><strong>APR3 INGENIERIA Y CONSULTORIA, S.L.<\/strong> (C.I.F. B39704168), con direcci\u00f3n en B\u00ba Llosacampo 23-C, Bajo; 39470 Renedo de Pi\u00e9lagos (Cantabria), es titular de la website www.apr3.es y como tal, le informa que para hacer uso de los servicios que le ofrece es necesario que nos suministre determinados datos de car\u00e1cter personal. <strong>APR3 INGENIERIA Y CONSULTORIA, S.L.<\/strong> actuar\u00e1 de conformidad con lo establecido en la legislaci\u00f3n vigente y, en concreto, de conformidad con lo establecido en el Reglamento Europeo de Protecci\u00f3n de Datos (RGPD), en la Ley Org\u00e1nica de Protecci\u00f3n de Datos y Garant\u00eda de los Derechos Digitales (LOPD-GDD) 3\/2018 de 5 de diciembre y en la Ley de Servicios de la Sociedad de la Informaci\u00f3n (LSSI), en lo referente al mantenimiento de la confidencialidad y tratamiento de datos personales facilitados voluntariamente por los usuarios de esta p\u00e1gina Web.<\/p>\n<p><strong>Consentimiento y autorizaci\u00f3n al tratamiento de sus datos personales<\/strong><br \/>\nLe informamos que los datos personales obtenidos a trav\u00e9s de los formularios de recogida de datos de www.apr3.es ser\u00e1n tratados por <strong>APR3 INGENIERIA Y CONSULTORIA, S.L.<\/strong> con la finalidad de gestionar su solicitud  y el mantenimiento de las relaciones profesionales y comerciales con usted, as\u00ed como para mantener un v\u00ednculo informativo y promocional con Ud., de forma que pueda recibir, por diferentes medios (telef\u00f3nico, sms, mails) comunicaciones sobre ofertas, productos y servicios que puedan resultar de su inter\u00e9s en caso de que Usted nos haya dado su consentimiento previamente.<\/p>\n<p>Sus datos personales no ser\u00e1n cedidos a terceros, salvo que sean requeridos por ley o por las autoridades competentes.<\/p>\n<p>La base que legitima el tratamiento de sus datos es su consentimiento dado al cumplimentar voluntariamente el formulario correspondiente con sus datos personales y aceptar la presente Pol\u00edtica de Privacidad y\/o al marcar la casilla de aceptaci\u00f3n de recibir comunicaciones comerciales. Sus datos ser\u00e1n conservados hasta que Usted revoque su consentimiento o se oponga al tratamiento de sus datos con esta finalidad.<\/p>\n<p><strong>APR3 INGENIERIA Y CONSULTORIA, S.L. <\/strong>le informa de que en ning\u00fan caso est\u00e1 obligado a facilitarnos sus datos personales, y que \u00e9stos son los adecuados, pertinentes y estrictamente necesarios para cumplir con la finalidad por la que se recogen, no obstante, estos son imprescindibles para dar respuesta a su solicitud o para proporcionarle los servicios ofertados.<\/p>\n<p>Si usted se ha puesto en contacto con nosotros v\u00eda correo electr\u00f3nico, le informamos que los datos personales que usted nos haya facilitado ser\u00e1n tratados por <strong>APR3 INGENIERIA Y CONSULTORIA, S.L.<\/strong> con la finalidad de gestionar y mantener las relaciones profesionales que nos unen con usted. Para la realizaci\u00f3n de esta gesti\u00f3n es posible que sus datos sean comunicados a las entidades y administraciones p\u00fablicas necesarias para la realizaci\u00f3n de dicha gesti\u00f3n. Este tratamiento de datos es necesario para mantener dicha relaci\u00f3n profesional. Igualmente, le informamos que sus datos ser\u00e1n conservados mientras se mantengan estas relaciones y los plazos marcados por la legislaci\u00f3n fiscal o durante los plazos establecidos para atender posibles reclamaciones.<\/p>\n<p>Si Usted nos ha enviado su curr\u00edculum a las direcciones postales o electr\u00f3nicas de <strong>APR3 INGENIERIA Y CONSULTORIA, S.L. <\/strong>o nos lo ha facilitado a trav\u00e9s de bolsas de empleo de terceros (Linkedin, Infojobs, Universidades o Escuelas), le informamos que sus datos ser\u00e1n tratados por <strong>APR3 INGENIERIA Y CONSULTORIA, S.L. <\/strong>para la gesti\u00f3n de sus procesos de selecci\u00f3n de personal de puestos vacantes en la empresa. Sus datos no ser\u00e1n cedidos a terceros. Este tratamiento de datos es necesario para atender su solicitud de empleo y est\u00e1 basado en el consentimiento que Usted nos da al enviarnos su curr\u00edculum. Sus datos ser\u00e1n conservados \u00fanicamente si hay un proceso de selecci\u00f3n abierto y, en este caso, hasta la finalizaci\u00f3n del proceso.<\/p>\n<p><strong>Derechos de protecci\u00f3n de datos del interesado<\/strong><\/p>\n<p>A los efectos de lo dispuesto en la normativa vigente, Ud. puede ejercer sus derechos de acceso, rectificaci\u00f3n, supresi\u00f3n, oposici\u00f3n, a no ser objeto de decisiones individuales automatizadas, portabilidad y limitaci\u00f3n del tratamiento de sus datos dirigi\u00e9ndose al Responsable de Protecci\u00f3n de Datos de <strong>APR3 INGENIERIA Y CONSULTORIA, S.L.<\/strong> sita en B\u00ba Llosacampo 23-C, Bajo; 39470 Renedo de Pi\u00e9lagos (Cantabria) o a alfredo@apr3.es  acompa\u00f1ando copia de su DNI acreditando debidamente su identidad. Ud. tiene derecho a presentar una reclamaci\u00f3n ante la Agencia Espa\u00f1ola de Protecci\u00f3n de Datos (AEPD), si considera infringidos sus derechos.<\/p>\n<p><strong>Actualizaci\u00f3n y Cancelaci\u00f3n de sus datos<\/strong><\/p>\n<p>Es importante que para que podamos mantener sus datos personales actualizados, nos informe siempre que haya habido alguna modificaci\u00f3n en ellos, en caso contrario, no respondemos de la veracidad de los mismos. Asimismo, nos certifica que todos los datos que Ud. nos facilita son ciertos, vigentes y pertinentes para la finalidad por la que se los solicitamos, y que los facilita por s\u00ed mismo.<br \/>\nSus datos ser\u00e1n conservados hasta que Usted revoque su consentimiento o se oponga al tratamiento de sus datos con esta finalidad, sin que ello condicione otras relaciones que mantenga con la entidad.<\/p>\n<p><strong>Garant\u00eda de Confidencialidad y Seguridad de los datos<\/strong><\/p>\n<p><strong>APR3 INGENIERIA Y CONSULTORIA, S.L.<\/strong>, en respuesta a la confianza depositada en nosotros y teniendo en cuenta la importancia en materia de protecci\u00f3n y confidencialidad que requieren sus datos personales, les informa que ha adoptado las medidas, t\u00e9cnicas y organizativas, necesarias para garantizar la confidencialidad, disponibilidad, integridad y resiliencias de sus sistemas y servicios de tratamiento. No obstante, el usuario debe ser consciente de que las medidas de seguridad en Internet no son inexpugnables.<\/p>\n<p>La presente pol\u00edtica de privacidad ha sido actualizada en Julio de 2022.<strong> APR3 INGENIERIA Y CONSULTORIA, S.L.<\/strong> se reserva el derecho de modificar su pol\u00edtica de protecci\u00f3n de datos en el supuesto de que exista un cambio de la legislaci\u00f3n vigente, doctrina jurisprudencial o por criterios propios empresariales. Si se introdujese alg\u00fan cambio en esta pol\u00edtica, el nuevo texto se publicar\u00e1 en esta misma direcci\u00f3n.<\/p>\n","protected":false},"excerpt":{"rendered":"<p>APR3 INGENIERIA Y CONSULTORIA, S.L. (C.I.F. B39704168), con direcci\u00f3n en B\u00ba Llosacampo 23-C, Bajo; 39470 Renedo de Pi\u00e9lagos (Cantabria), es titular de la website www.apr3.es y como tal, le informa que para hacer uso de los servicios que le ofrece es necesario que nos suministre&#8230;<\/p>\n","protected":false},"author":1,"featured_media":0,"parent":0,"menu_order":0,"comment_status":"closed","ping_status":"closed","template":"","meta":{"footnotes":""},"_links":{"self":[{"href":"https:\/\/www.apr3.es\/es\/wp-json\/wp\/v2\/pages\/51034"}],"collection":[{"href":"https:\/\/www.apr3.es\/es\/wp-json\/wp\/v2\/pages"}],"about":[{"href":"https:\/\/www.apr3.es\/es\/wp-json\/wp\/v2\/types\/page"}],"author":[{"embeddable":true,"href":"https:\/\/www.apr3.es\/es\/wp-json\/wp\/v2\/users\/1"}],"replies":[{"embeddable":true,"href":"https:\/\/www.apr3.es\/es\/wp-json\/wp\/v2\/comments?post=51034"}],"version-history":[{"count":4,"href":"https:\/\/www.apr3.es\/es\/wp-json\/wp\/v2\/pages\/51034\/revisions"}],"predecessor-version":[{"id":51069,"href":"https:\/\/www.apr3.es\/es\/wp-json\/wp\/v2\/pages\/51034\/revisions\/51069"}],"wp:attachment":[{"href":"https:\/\/www.apr3.es\/es\/wp-json\/wp\/v2\/media?parent=51034"}],"curies":[{"name":"wp","href":"https:\/\/api.w.org\/{rel}","templated":true}]}}